{"id":28226,"date":"2023-08-22T14:53:25","date_gmt":"2023-08-22T12:53:25","guid":{"rendered":"https:\/\/test.umrajgrod.pl\/organizacje-i-stowarzyszenia\/"},"modified":"2023-08-22T14:53:25","modified_gmt":"2023-08-22T12:53:25","slug":"organizacje-i-stowarzyszenia","status":"publish","type":"page","link":"https:\/\/test.umrajgrod.pl\/en\/organizacje-i-stowarzyszenia\/","title":{"rendered":"Organizacje i Stowarzyszenia"},"content":{"rendered":"\n<div class=\"wp-block-columns is-layout-flex wp-container-core-columns-is-layout-28f84493 wp-block-columns-is-layout-flex\">\n<div class=\"wp-block-column is-layout-flow wp-block-column-is-layout-flow\" style=\"flex-basis:100%\">\n<h2 class=\"wp-block-heading\">Spotkanie miko\u0142ajkowe z \u201eNadziej\u0105\u201d<\/h2>\n\n\n\n<p>10 grudnia 2017 roku dzi\u0119ki uprzejmo\u015bci Pana Dyrektora ZS-P w Rajgrodzie Arkadiusza Klimaszewskiego na terenie budynku szko\u0142y na ul. Szkolnej mogli\u015bmy zorganizowa\u0107 Miko\u0142ajki.<\/p>\n\n\n\n<div class=\"wp-block-buttons is-layout-flex wp-block-buttons-is-layout-flex\">\n<div class=\"wp-block-button\"><a class=\"wp-block-button__link wp-element-button\" href=\"https:\/\/test.umrajgrod.pl\/spotkanie-mikolajkowe-z-nadzieja\/\">Czytaj wi\u0119cej<\/a><\/div>\n<\/div>\n<\/div>\n<\/div>\n\n\n\n<div style=\"height:50px\" aria-hidden=\"true\" class=\"wp-block-spacer\"><\/div>\n\n\n\n<div class=\"wp-block-columns is-layout-flex wp-container-core-columns-is-layout-28f84493 wp-block-columns-is-layout-flex\">\n<div class=\"wp-block-column is-layout-flow wp-block-column-is-layout-flow\" style=\"flex-basis:100%\">\n<h2 class=\"wp-block-heading\">Warsztaty w Wo\u017anejwsi<\/h2>\n\n\n\n<p>W \u015bwietlicy wiejskiej w Wo\u017anejwsi dnia 23.11.2017 grupa kobiet ze Stowarzyszenia &#8220;Nad Jegrzni\u0105&#8221; wzi\u0119\u0142o udzia\u0142 w warsztatach pn.:&#8221;Pokazy sezonowe dekoracje domu i zagrody&#8221; oraz &#8220;Ozdoby Bo\u017conarodzeniowe&#8221;.<\/p>\n\n\n\n<div class=\"wp-block-buttons is-layout-flex wp-block-buttons-is-layout-flex\">\n<div class=\"wp-block-button\"><a class=\"wp-block-button__link wp-element-button\" href=\"https:\/\/test.umrajgrod.pl\/warsztaty-w-woznejwsi\/\">Czytaj wi\u0119cej<\/a><\/div>\n<\/div>\n<\/div>\n<\/div>\n\n\n\n<div style=\"height:50px\" aria-hidden=\"true\" class=\"wp-block-spacer\"><\/div>\n\n\n\n<div class=\"wp-block-columns is-layout-flex wp-container-core-columns-is-layout-28f84493 wp-block-columns-is-layout-flex\">\n<div class=\"wp-block-column is-layout-flow wp-block-column-is-layout-flow\" style=\"flex-basis:100%\">\n<h2 class=\"wp-block-heading\">Wycieczka integracyjna stowarzyszenia &#8220;Nad Jegrzni\u0105&#8221;<\/h2>\n\n\n\n<div class=\"wp-block-buttons is-layout-flex wp-block-buttons-is-layout-flex\">\n<div class=\"wp-block-button\"><a class=\"wp-block-button__link wp-element-button\" href=\"https:\/\/test.umrajgrod.pl\/wycieczka-integracyjna-stowarzyszenia-nad-jegrznia\/\">Czytaj wi\u0119cej<\/a><\/div>\n<\/div>\n<\/div>\n<\/div>\n\n\n\n<div style=\"height:50px\" aria-hidden=\"true\" class=\"wp-block-spacer\"><\/div>\n\n\n\n<div class=\"wp-block-columns is-layout-flex wp-container-core-columns-is-layout-28f84493 wp-block-columns-is-layout-flex\">\n<div class=\"wp-block-column is-layout-flow wp-block-column-is-layout-flow\" style=\"flex-basis:100%\">\n<h2 class=\"wp-block-heading\">Konkurs \u201eInicjatywa Spo\u0142eczna Roku\u201d<\/h2>\n\n\n\n<div class=\"wp-block-buttons is-layout-flex wp-block-buttons-is-layout-flex\">\n<div class=\"wp-block-button\"><a class=\"wp-block-button__link wp-element-button\" href=\"https:\/\/test.umrajgrod.pl\/konkurs-inicjatywa-spoleczna-roku\/\">Czytaj wi\u0119cej<\/a><\/div>\n<\/div>\n<\/div>\n<\/div>\n\n\n\n<div style=\"height:50px\" aria-hidden=\"true\" class=\"wp-block-spacer\"><\/div>\n\n\n\n<div class=\"wp-block-columns is-layout-flex wp-container-core-columns-is-layout-28f84493 wp-block-columns-is-layout-flex\">\n<div class=\"wp-block-column is-layout-flow wp-block-column-is-layout-flow\" style=\"flex-basis:100%\">\n<h2 class=\"wp-block-heading\">Zebranie za\u0142o\u017cycielskie Lokalnej Organizacji Turystycznej Kr\u00f3lestwo Biebrzy<\/h2>\n\n\n\n<p>W dniu 23 maja 2017 r. w marinie Yacht Clubu &#8220;Arcus&#8221; w Rajgrodzie odby\u0142o si\u0119 zebranie za\u0142o\u017cycielskie Lokalnej Organizacji Turystycznej Kr\u00f3lestwo Biebrzy.<\/p>\n\n\n\n<div class=\"wp-block-buttons is-layout-flex wp-block-buttons-is-layout-flex\">\n<div class=\"wp-block-button\"><a class=\"wp-block-button__link wp-element-button\" href=\"https:\/\/test.umrajgrod.pl\/zebranie-zalozycielskie-lokalnej-organizacji-turystycznej-krolestwo-biebrzy\/\">Czytaj wi\u0119cej<\/a><\/div>\n<\/div>\n<\/div>\n<\/div>\n\n\n\n<div style=\"height:50px\" aria-hidden=\"true\" class=\"wp-block-spacer\"><\/div>\n\n\n\n<div class=\"wp-block-columns is-layout-flex wp-container-core-columns-is-layout-bd57bc0e wp-block-columns-is-layout-flex\" style=\"padding-bottom:70px\">\n<div class=\"wp-block-column is-layout-flow wp-block-column-is-layout-flow\" style=\"flex-basis:66.66%\">\n<h2 class=\"wp-block-heading\">Towarzystwo Mi\u0142o\u015bnik\u00f3w Rajgrodu<\/h2>\n\n\n\n<p>ul. Warszawska 32\/22 19 \u2013 206 Rajgr\u00f3d e\u2013mail: tmr@rajgrod.pl<\/p>\n<\/div>\n\n\n\n<div class=\"wp-block-column is-layout-flow wp-block-column-is-layout-flow\" style=\"flex-basis:33.33%\">\n<figure class=\"wp-block-image aligncenter size-full is-resized\"><img decoding=\"async\" src=\"https:\/\/test.umrajgrod.pl\/wp-content\/uploads\/2023\/08\/56974cd657450-tmr.jpg\" alt=\"\" class=\"wp-image-22190\" style=\"width:124px\" width=\"124\"\/><\/figure>\n<\/div>\n<\/div>\n\n\n\n<div class=\"wp-block-columns is-layout-flex wp-container-core-columns-is-layout-28f84493 wp-block-columns-is-layout-flex\">\n<div class=\"wp-block-column is-layout-flow wp-block-column-is-layout-flow\" style=\"flex-basis:66.66%\">\n<h2 class=\"wp-block-heading\">Stowarzyszenie Na Rzecz Rozwoju i Wspomagania Wsi \u201eMediator\u201d w Kos\u00f3wce<\/h2>\n\n\n\n<p>Kos\u00f3wka 42 19-206 Rajgr\u00f3d<\/p>\n<\/div>\n\n\n\n<div class=\"wp-block-column is-layout-flow wp-block-column-is-layout-flow\" style=\"flex-basis:33.33%\">\n<figure class=\"wp-block-image aligncenter size-full is-resized\"><img loading=\"lazy\" decoding=\"async\" src=\"https:\/\/test.umrajgrod.pl\/wp-content\/uploads\/2023\/07\/Logo-promocyjne.jpg\" alt=\"\" class=\"wp-image-890\" style=\"width:236px;height:167px\" width=\"236\" height=\"167\" srcset=\"https:\/\/test.umrajgrod.pl\/wp-content\/uploads\/2023\/07\/Logo-promocyjne.jpg 751w, https:\/\/test.umrajgrod.pl\/wp-content\/uploads\/2023\/07\/Logo-promocyjne-300x212.jpg 300w\" sizes=\"auto, (max-width: 236px) 100vw, 236px\" \/><\/figure>\n<\/div>\n<\/div>\n\n\n\n<div class=\"wp-block-columns is-layout-flex wp-container-core-columns-is-layout-28f84493 wp-block-columns-is-layout-flex\">\n<div class=\"wp-block-column is-layout-flow wp-block-column-is-layout-flow\" style=\"flex-basis:66.66%\">\n<h2 class=\"wp-block-heading\">Stowarzyszenie Rozwoju Wsi \u201ePrzysz\u0142o\u015b\u0107\u201d<\/h2>\n\n\n\n<p>Miecze 18 19 \u2013 206 Rajgr\u00f3d<\/p>\n<\/div>\n\n\n\n<div class=\"wp-block-column is-layout-flow wp-block-column-is-layout-flow\" style=\"flex-basis:33.33%\">\n<figure class=\"wp-block-image aligncenter size-full is-resized\"><img loading=\"lazy\" decoding=\"async\" src=\"https:\/\/test.umrajgrod.pl\/wp-content\/uploads\/2023\/07\/Logo-promocyjne.jpg\" alt=\"\" class=\"wp-image-890\" style=\"width:236px;height:167px\" width=\"236\" height=\"167\" srcset=\"https:\/\/test.umrajgrod.pl\/wp-content\/uploads\/2023\/07\/Logo-promocyjne.jpg 751w, https:\/\/test.umrajgrod.pl\/wp-content\/uploads\/2023\/07\/Logo-promocyjne-300x212.jpg 300w\" sizes=\"auto, (max-width: 236px) 100vw, 236px\" \/><\/figure>\n<\/div>\n<\/div>\n\n\n\n<div class=\"wp-block-columns is-layout-flex wp-container-core-columns-is-layout-28f84493 wp-block-columns-is-layout-flex\">\n<div class=\"wp-block-column is-layout-flow wp-block-column-is-layout-flow\" style=\"flex-basis:66.66%\">\n<h2 class=\"wp-block-heading\">Stowarzyszeniem \u201eNad Jegrzni\u0105\u201d<\/h2>\n\n\n\n<p>Wo\u017anawie\u015b 85 19-206 Rajgr\u00f3d<\/p>\n<\/div>\n\n\n\n<div class=\"wp-block-column is-layout-flow wp-block-column-is-layout-flow\" style=\"flex-basis:33.33%\">\n<figure class=\"wp-block-image aligncenter size-full is-resized\"><img loading=\"lazy\" decoding=\"async\" src=\"https:\/\/test.umrajgrod.pl\/wp-content\/uploads\/2023\/07\/Logo-promocyjne.jpg\" alt=\"\" class=\"wp-image-890\" style=\"width:236px;height:167px\" width=\"236\" height=\"167\" srcset=\"https:\/\/test.umrajgrod.pl\/wp-content\/uploads\/2023\/07\/Logo-promocyjne.jpg 751w, https:\/\/test.umrajgrod.pl\/wp-content\/uploads\/2023\/07\/Logo-promocyjne-300x212.jpg 300w\" sizes=\"auto, (max-width: 236px) 100vw, 236px\" \/><\/figure>\n<\/div>\n<\/div>\n\n\n\n<div class=\"wp-block-columns is-layout-flex wp-container-core-columns-is-layout-28f84493 wp-block-columns-is-layout-flex\">\n<div class=\"wp-block-column is-layout-flow wp-block-column-is-layout-flow\" style=\"flex-basis:66.66%\">\n<h2 class=\"wp-block-heading\">Stowarzyszenie Na Rzecz Rozwoju Wsi Biebrza<\/h2>\n\n\n\n<p>ul. Lipowa 21\/16, Biebrza 19-206 Rajgr\u00f3d<\/p>\n<\/div>\n\n\n\n<div class=\"wp-block-column is-layout-flow wp-block-column-is-layout-flow\" style=\"flex-basis:33.33%\">\n<figure class=\"wp-block-image aligncenter size-full is-resized\"><img loading=\"lazy\" decoding=\"async\" src=\"https:\/\/test.umrajgrod.pl\/wp-content\/uploads\/2023\/07\/Logo-promocyjne.jpg\" alt=\"\" class=\"wp-image-890\" style=\"width:236px;height:167px\" width=\"236\" height=\"167\" srcset=\"https:\/\/test.umrajgrod.pl\/wp-content\/uploads\/2023\/07\/Logo-promocyjne.jpg 751w, https:\/\/test.umrajgrod.pl\/wp-content\/uploads\/2023\/07\/Logo-promocyjne-300x212.jpg 300w\" sizes=\"auto, (max-width: 236px) 100vw, 236px\" \/><\/figure>\n<\/div>\n<\/div>\n\n\n\n<div class=\"wp-block-columns is-layout-flex wp-container-core-columns-is-layout-28f84493 wp-block-columns-is-layout-flex\">\n<div class=\"wp-block-column is-layout-flow wp-block-column-is-layout-flow\" style=\"flex-basis:66.66%\">\n<h2 class=\"wp-block-heading\">Uczniowski Klub Sportowy \u201eRajgr\u00f3d\u201d<\/h2>\n\n\n\n<p>ul. Stanki 2 19-206 Rajgr\u00f3d<\/p>\n<\/div>\n\n\n\n<div class=\"wp-block-column is-layout-flow wp-block-column-is-layout-flow\" style=\"flex-basis:33.33%\">\n<figure class=\"wp-block-image aligncenter size-full is-resized\"><img loading=\"lazy\" decoding=\"async\" src=\"https:\/\/test.umrajgrod.pl\/wp-content\/uploads\/2023\/07\/Logo-promocyjne.jpg\" alt=\"\" class=\"wp-image-890\" style=\"width:236px;height:167px\" width=\"236\" height=\"167\" srcset=\"https:\/\/test.umrajgrod.pl\/wp-content\/uploads\/2023\/07\/Logo-promocyjne.jpg 751w, https:\/\/test.umrajgrod.pl\/wp-content\/uploads\/2023\/07\/Logo-promocyjne-300x212.jpg 300w\" sizes=\"auto, (max-width: 236px) 100vw, 236px\" \/><\/figure>\n<\/div>\n<\/div>\n\n\n\n<div class=\"wp-block-columns is-layout-flex wp-container-core-columns-is-layout-28f84493 wp-block-columns-is-layout-flex\">\n<div class=\"wp-block-column is-layout-flow wp-block-column-is-layout-flow\" style=\"flex-basis:66.66%\">\n<h2 class=\"wp-block-heading\">Uczniowski Klub Sportowy &#8220;Jegrznia&#8221; przy Szkole Podstawowej w Rajgrodzie<\/h2>\n\n\n\n<p>ul. Szkolna 24 19-206 Rajgr\u00f3d<\/p>\n<\/div>\n\n\n\n<div class=\"wp-block-column is-layout-flow wp-block-column-is-layout-flow\" style=\"flex-basis:33.33%\">\n<figure class=\"wp-block-image aligncenter size-full is-resized\"><img loading=\"lazy\" decoding=\"async\" src=\"https:\/\/test.umrajgrod.pl\/wp-content\/uploads\/2023\/07\/Logo-promocyjne.jpg\" alt=\"\" class=\"wp-image-890\" style=\"width:236px;height:167px\" width=\"236\" height=\"167\" srcset=\"https:\/\/test.umrajgrod.pl\/wp-content\/uploads\/2023\/07\/Logo-promocyjne.jpg 751w, https:\/\/test.umrajgrod.pl\/wp-content\/uploads\/2023\/07\/Logo-promocyjne-300x212.jpg 300w\" sizes=\"auto, (max-width: 236px) 100vw, 236px\" \/><\/figure>\n<\/div>\n<\/div>\n\n\n\n<div class=\"wp-block-columns is-layout-flex wp-container-core-columns-is-layout-28f84493 wp-block-columns-is-layout-flex\">\n<div class=\"wp-block-column is-layout-flow wp-block-column-is-layout-flow\" style=\"flex-basis:66.66%\">\n<h2 class=\"wp-block-heading\">Uczniowski Klub Sportowy &#8220;Ja\u0107wing&#8221; przy Gimnazjum w Rajgrodzie<\/h2>\n\n\n\n<p>ul. Stanki 2 19-206 Rajgr\u00f3d<\/p>\n<\/div>\n\n\n\n<div class=\"wp-block-column is-layout-flow wp-block-column-is-layout-flow\" style=\"flex-basis:33.33%\">\n<figure class=\"wp-block-image aligncenter size-full is-resized\"><img loading=\"lazy\" decoding=\"async\" src=\"https:\/\/test.umrajgrod.pl\/wp-content\/uploads\/2023\/07\/Logo-promocyjne.jpg\" alt=\"\" class=\"wp-image-890\" style=\"width:236px;height:167px\" width=\"236\" height=\"167\" srcset=\"https:\/\/test.umrajgrod.pl\/wp-content\/uploads\/2023\/07\/Logo-promocyjne.jpg 751w, https:\/\/test.umrajgrod.pl\/wp-content\/uploads\/2023\/07\/Logo-promocyjne-300x212.jpg 300w\" sizes=\"auto, (max-width: 236px) 100vw, 236px\" \/><\/figure>\n<\/div>\n<\/div>\n\n\n\n<div class=\"wp-block-columns is-layout-flex wp-container-core-columns-is-layout-28f84493 wp-block-columns-is-layout-flex\">\n<div class=\"wp-block-column is-layout-flow wp-block-column-is-layout-flow\" style=\"flex-basis:66.66%\">\n<h2 class=\"wp-block-heading\">Yacht Club ARCUS<\/h2>\n\n\n\n<p>Yacht Club \u201eArcus\u201d w \u0141om\u017cy powsta\u0142 w 1984 r., a jego celem by\u0142a praca spo\u0142eczno-wychowawcza na rzecz profilaktyki dot. patologii spo\u0142ecznej oraz rehabilitacji psychicznej i fizycznej os\u00f3b niepe\u0142nosprawnych.<\/p>\n\n\n\n<div class=\"wp-block-buttons is-layout-flex wp-block-buttons-is-layout-flex\">\n<div class=\"wp-block-button\"><a class=\"wp-block-button__link wp-element-button\" href=\"https:\/\/test.umrajgrod.pl\/yacht-club-arcus\/\">Czytaj wi\u0119cej<\/a><\/div>\n<\/div>\n<\/div>\n\n\n\n<div class=\"wp-block-column is-layout-flow wp-block-column-is-layout-flow\" style=\"flex-basis:33.33%\">\n<figure class=\"wp-block-image aligncenter size-full\"><img loading=\"lazy\" decoding=\"async\" width=\"150\" height=\"150\" src=\"https:\/\/test.umrajgrod.pl\/wp-content\/uploads\/2023\/07\/5693970081b11-ARCUS.jpg\" alt=\"\" class=\"wp-image-20636\"\/><\/figure>\n<\/div>\n<\/div>\n","protected":false},"excerpt":{"rendered":"<p>Spotkanie miko\u0142ajkowe z \u201eNadziej\u0105\u201d 10 grudnia 2017 roku dzi\u0119ki uprzejmo\u015bci Pana Dyrektora ZS-P w Rajgrodzie Arkadiusza Klimaszewskiego na terenie budynku [&hellip;]<\/p>\n","protected":false},"author":4,"featured_media":0,"parent":0,"menu_order":0,"comment_status":"closed","ping_status":"closed","template":"","meta":{"inline_featured_image":false,"site-sidebar-layout":"default","site-content-layout":"","ast-site-content-layout":"default","site-content-style":"default","site-sidebar-style":"default","ast-global-header-display":"","ast-banner-title-visibility":"","ast-main-header-display":"","ast-hfb-above-header-display":"","ast-hfb-below-header-display":"","ast-hfb-mobile-header-display":"","site-post-title":"","ast-breadcrumbs-content":"","ast-featured-img":"","footer-sml-layout":"","ast-disable-related-posts":"","theme-transparent-header-meta":"","adv-header-id-meta":"","stick-header-meta":"","header-above-stick-meta":"","header-main-stick-meta":"","header-below-stick-meta":"","astra-migrate-meta-layouts":"set","ast-page-background-enabled":"default","ast-page-background-meta":{"desktop":{"background-color":"var(--ast-global-color-4)","background-image":"","background-repeat":"repeat","background-position":"center center","background-size":"auto","background-attachment":"scroll","background-type":"","background-media":"","overlay-type":"","overlay-color":"","overlay-opacity":"","overlay-gradient":""},"tablet":{"background-color":"","background-image":"","background-repeat":"repeat","background-position":"center center","background-size":"auto","background-attachment":"scroll","background-type":"","background-media":"","overlay-type":"","overlay-color":"","overlay-opacity":"","overlay-gradient":""},"mobile":{"background-color":"","background-image":"","background-repeat":"repeat","background-position":"center center","background-size":"auto","background-attachment":"scroll","background-type":"","background-media":"","overlay-type":"","overlay-color":"","overlay-opacity":"","overlay-gradient":""}},"ast-content-background-meta":{"desktop":{"background-color":"var(--ast-global-color-5)","background-image":"","background-repeat":"repeat","background-position":"center center","background-size":"auto","background-attachment":"scroll","background-type":"","background-media":"","overlay-type":"","overlay-color":"","overlay-opacity":"","overlay-gradient":""},"tablet":{"background-color":"var(--ast-global-color-5)","background-image":"","background-repeat":"repeat","background-position":"center center","background-size":"auto","background-attachment":"scroll","background-type":"","background-media":"","overlay-type":"","overlay-color":"","overlay-opacity":"","overlay-gradient":""},"mobile":{"background-color":"var(--ast-global-color-5)","background-image":"","background-repeat":"repeat","background-position":"center center","background-size":"auto","background-attachment":"scroll","background-type":"","background-media":"","overlay-type":"","overlay-color":"","overlay-opacity":"","overlay-gradient":""}},"footnotes":""},"class_list":["post-28226","page","type-page","status-publish","hentry"],"_links":{"self":[{"href":"https:\/\/test.umrajgrod.pl\/en\/wp-json\/wp\/v2\/pages\/28226","targetHints":{"allow":["GET"]}}],"collection":[{"href":"https:\/\/test.umrajgrod.pl\/en\/wp-json\/wp\/v2\/pages"}],"about":[{"href":"https:\/\/test.umrajgrod.pl\/en\/wp-json\/wp\/v2\/types\/page"}],"author":[{"embeddable":true,"href":"https:\/\/test.umrajgrod.pl\/en\/wp-json\/wp\/v2\/users\/4"}],"replies":[{"embeddable":true,"href":"https:\/\/test.umrajgrod.pl\/en\/wp-json\/wp\/v2\/comments?post=28226"}],"version-history":[{"count":0,"href":"https:\/\/test.umrajgrod.pl\/en\/wp-json\/wp\/v2\/pages\/28226\/revisions"}],"wp:attachment":[{"href":"https:\/\/test.umrajgrod.pl\/en\/wp-json\/wp\/v2\/media?parent=28226"}],"curies":[{"name":"wp","href":"https:\/\/api.w.org\/{rel}","templated":true}]}}