{"id":28238,"date":"2023-07-19T15:15:44","date_gmt":"2023-07-19T13:15:44","guid":{"rendered":"https:\/\/test.umrajgrod.pl\/komisje-rady\/"},"modified":"2023-07-19T15:15:44","modified_gmt":"2023-07-19T13:15:44","slug":"komisje-rady","status":"publish","type":"page","link":"https:\/\/test.umrajgrod.pl\/en\/komisje-rady\/","title":{"rendered":"Komisje Rady"},"content":{"rendered":"\n<div class=\"wp-block-columns is-layout-flex wp-container-core-columns-is-layout-28f84493 wp-block-columns-is-layout-flex\">\n<div class=\"wp-block-column is-layout-flow wp-block-column-is-layout-flow\">\n<h2 class=\"wp-block-heading\">Komisja Skarg Wniosk\u00f3w i Petycji<\/h2>\n\n\n\n<p>Cz\u0142onkowie:<\/p>\n\n\n\n<ol class=\"wp-block-list\">\n<li>Jaros\u0142aw Matysiewicz &#8211; Przewodnicz\u0105cy<\/li>\n\n\n\n<li>Pawe\u0142 Chyli\u0144ski &#8211;&nbsp;Zast\u0119pca Przewodnicz\u0105cego<\/li>\n\n\n\n<li>Joanna Graczewska&nbsp;&#8211;&nbsp;Cz\u0142onek komisji<\/li>\n\n\n\n<li>Miros\u0142aw Wierzbicki &#8211; Cz\u0142onek komisji<\/li>\n<\/ol>\n<\/div>\n\n\n\n<div class=\"wp-block-column is-layout-flow wp-block-column-is-layout-flow\">\n<figure class=\"wp-block-image aligncenter size-full is-resized\"><img loading=\"lazy\" decoding=\"async\" src=\"https:\/\/test.umrajgrod.pl\/wp-content\/uploads\/2023\/07\/5c08fcdf1f3cd-Komisja-Skarg-Wnioskow-i-Petycji.jpg\" alt=\"\" class=\"wp-image-20465\" style=\"width:512px;height:414px\" width=\"512\" height=\"414\" srcset=\"https:\/\/test.umrajgrod.pl\/wp-content\/uploads\/2023\/07\/5c08fcdf1f3cd-Komisja-Skarg-Wnioskow-i-Petycji.jpg 1024w, https:\/\/test.umrajgrod.pl\/wp-content\/uploads\/2023\/07\/5c08fcdf1f3cd-Komisja-Skarg-Wnioskow-i-Petycji-300x243.jpg 300w, https:\/\/test.umrajgrod.pl\/wp-content\/uploads\/2023\/07\/5c08fcdf1f3cd-Komisja-Skarg-Wnioskow-i-Petycji-768x621.jpg 768w\" sizes=\"auto, (max-width: 512px) 100vw, 512px\" \/><\/figure>\n<\/div>\n<\/div>\n\n\n\n<div class=\"wp-block-columns is-layout-flex wp-container-core-columns-is-layout-28f84493 wp-block-columns-is-layout-flex\">\n<div class=\"wp-block-column is-layout-flow wp-block-column-is-layout-flow\">\n<h2 class=\"wp-block-heading\">Komisja Finans\u00f3w i Rolnictwa<\/h2>\n\n\n\n<p>Cz\u0142onkowie:<\/p>\n\n\n\n<ol class=\"wp-block-list\">\n<li>Adam Nietupski&nbsp;&#8211; Przewodnicz\u0105cy<\/li>\n\n\n\n<li>Krzysztof Zapert &#8211; Zast\u0119pca Przewodnicz\u0105cego<\/li>\n\n\n\n<li>Bogus\u0142aw Kuczy\u0144ski &#8211; cz\u0142onek komisji<\/li>\n<\/ol>\n<\/div>\n\n\n\n<div class=\"wp-block-column is-layout-flow wp-block-column-is-layout-flow\">\n<figure class=\"wp-block-image aligncenter size-full is-resized\"><img loading=\"lazy\" decoding=\"async\" src=\"https:\/\/test.umrajgrod.pl\/wp-content\/uploads\/2023\/07\/5c08fa61295f4-Komisja-Finansow-i-Rolnictwa.jpg\" alt=\"\" class=\"wp-image-20471\" style=\"width:512px;height:335px\" width=\"512\" height=\"335\" srcset=\"https:\/\/test.umrajgrod.pl\/wp-content\/uploads\/2023\/07\/5c08fa61295f4-Komisja-Finansow-i-Rolnictwa.jpg 1024w, https:\/\/test.umrajgrod.pl\/wp-content\/uploads\/2023\/07\/5c08fa61295f4-Komisja-Finansow-i-Rolnictwa-300x196.jpg 300w, https:\/\/test.umrajgrod.pl\/wp-content\/uploads\/2023\/07\/5c08fa61295f4-Komisja-Finansow-i-Rolnictwa-768x503.jpg 768w\" sizes=\"auto, (max-width: 512px) 100vw, 512px\" \/><\/figure>\n<\/div>\n<\/div>\n\n\n\n<div class=\"wp-block-columns is-layout-flex wp-container-core-columns-is-layout-28f84493 wp-block-columns-is-layout-flex\">\n<div class=\"wp-block-column is-layout-flow wp-block-column-is-layout-flow\">\n<h2 class=\"wp-block-heading\">Komisja O\u015bwiaty i Spraw Spo\u0142ecznych<\/h2>\n\n\n\n<p>Cz\u0142onkowie:<\/p>\n\n\n\n<ol class=\"wp-block-list\">\n<li>Ewa Cebeli\u0144ska &#8211; Przewodnicz\u0105ca<\/li>\n\n\n\n<li>Jolanta Rejkiewicz &#8211; Zast\u0119pca Przewodnicz\u0105cej<\/li>\n\n\n\n<li>Magdalena Gryczan&nbsp;&#8211; cz\u0142onek komisji<\/li>\n\n\n\n<li>Jacek Kaliszewski &#8211; cz\u0142onek komisji<\/li>\n<\/ol>\n<\/div>\n\n\n\n<div class=\"wp-block-column is-layout-flow wp-block-column-is-layout-flow\">\n<figure class=\"wp-block-image aligncenter size-full is-resized\"><img loading=\"lazy\" decoding=\"async\" src=\"https:\/\/test.umrajgrod.pl\/wp-content\/uploads\/2023\/07\/5c08fba7a8073-Komisja-Oswiaty-i-Spraw-Spolecznych.jpg\" alt=\"\" class=\"wp-image-20477\" style=\"width:512px;height:358px\" width=\"512\" height=\"358\" srcset=\"https:\/\/test.umrajgrod.pl\/wp-content\/uploads\/2023\/07\/5c08fba7a8073-Komisja-Oswiaty-i-Spraw-Spolecznych.jpg 1024w, https:\/\/test.umrajgrod.pl\/wp-content\/uploads\/2023\/07\/5c08fba7a8073-Komisja-Oswiaty-i-Spraw-Spolecznych-300x209.jpg 300w, https:\/\/test.umrajgrod.pl\/wp-content\/uploads\/2023\/07\/5c08fba7a8073-Komisja-Oswiaty-i-Spraw-Spolecznych-768x536.jpg 768w\" sizes=\"auto, (max-width: 512px) 100vw, 512px\" \/><\/figure>\n<\/div>\n<\/div>\n\n\n\n<div class=\"wp-block-columns is-layout-flex wp-container-core-columns-is-layout-28f84493 wp-block-columns-is-layout-flex\">\n<div class=\"wp-block-column is-layout-flow wp-block-column-is-layout-flow\">\n<h2 class=\"wp-block-heading\">Komisja Rewizyjna<\/h2>\n\n\n\n<p>Cz\u0142onkowie:<\/p>\n\n\n\n<ol class=\"wp-block-list\">\n<li>Stanis\u0142aw Kr\u00f3l &#8211; Przewodnicz\u0105cy<\/li>\n\n\n\n<li>Mariusz Karwowski &#8211; Zast\u0119pca Przewodnicz\u0105cego<\/li>\n\n\n\n<li>Artur Nikonowicz &#8211; Sekretarz<\/li>\n<\/ol>\n<\/div>\n\n\n\n<div class=\"wp-block-column is-layout-flow wp-block-column-is-layout-flow\">\n<figure class=\"wp-block-image aligncenter size-full is-resized\"><img loading=\"lazy\" decoding=\"async\" src=\"https:\/\/test.umrajgrod.pl\/wp-content\/uploads\/2023\/07\/5c08fc637e618-Komisja-Rewizyjna.jpg\" alt=\"\" class=\"wp-image-20483\" style=\"width:525px;height:335px\" width=\"525\" height=\"335\" srcset=\"https:\/\/test.umrajgrod.pl\/wp-content\/uploads\/2023\/07\/5c08fc637e618-Komisja-Rewizyjna.jpg 1024w, https:\/\/test.umrajgrod.pl\/wp-content\/uploads\/2023\/07\/5c08fc637e618-Komisja-Rewizyjna-300x191.jpg 300w, https:\/\/test.umrajgrod.pl\/wp-content\/uploads\/2023\/07\/5c08fc637e618-Komisja-Rewizyjna-768x490.jpg 768w\" sizes=\"auto, (max-width: 525px) 100vw, 525px\" \/><\/figure>\n<\/div>\n<\/div>\n","protected":false},"excerpt":{"rendered":"<p>Komisja Skarg Wniosk\u00f3w i Petycji Cz\u0142onkowie: Komisja Finans\u00f3w i Rolnictwa Cz\u0142onkowie: Komisja O\u015bwiaty i Spraw Spo\u0142ecznych Cz\u0142onkowie: Komisja Rewizyjna Cz\u0142onkowie:<\/p>\n","protected":false},"author":5,"featured_media":0,"parent":0,"menu_order":0,"comment_status":"closed","ping_status":"closed","template":"","meta":{"inline_featured_image":false,"site-sidebar-layout":"default","site-content-layout":"","ast-site-content-layout":"default","site-content-style":"default","site-sidebar-style":"default","ast-global-header-display":"","ast-banner-title-visibility":"","ast-main-header-display":"","ast-hfb-above-header-display":"","ast-hfb-below-header-display":"","ast-hfb-mobile-header-display":"","site-post-title":"","ast-breadcrumbs-content":"","ast-featured-img":"","footer-sml-layout":"","ast-disable-related-posts":"","theme-transparent-header-meta":"","adv-header-id-meta":"","stick-header-meta":"","header-above-stick-meta":"","header-main-stick-meta":"","header-below-stick-meta":"","astra-migrate-meta-layouts":"set","ast-page-background-enabled":"default","ast-page-background-meta":{"desktop":{"background-color":"var(--ast-global-color-4)","background-image":"","background-repeat":"repeat","background-position":"center center","background-size":"auto","background-attachment":"scroll","background-type":"","background-media":"","overlay-type":"","overlay-color":"","overlay-opacity":"","overlay-gradient":""},"tablet":{"background-color":"","background-image":"","background-repeat":"repeat","background-position":"center center","background-size":"auto","background-attachment":"scroll","background-type":"","background-media":"","overlay-type":"","overlay-color":"","overlay-opacity":"","overlay-gradient":""},"mobile":{"background-color":"","background-image":"","background-repeat":"repeat","background-position":"center center","background-size":"auto","background-attachment":"scroll","background-type":"","background-media":"","overlay-type":"","overlay-color":"","overlay-opacity":"","overlay-gradient":""}},"ast-content-background-meta":{"desktop":{"background-color":"var(--ast-global-color-5)","background-image":"","background-repeat":"repeat","background-position":"center center","background-size":"auto","background-attachment":"scroll","background-type":"","background-media":"","overlay-type":"","overlay-color":"","overlay-opacity":"","overlay-gradient":""},"tablet":{"background-color":"var(--ast-global-color-5)","background-image":"","background-repeat":"repeat","background-position":"center center","background-size":"auto","background-attachment":"scroll","background-type":"","background-media":"","overlay-type":"","overlay-color":"","overlay-opacity":"","overlay-gradient":""},"mobile":{"background-color":"var(--ast-global-color-5)","background-image":"","background-repeat":"repeat","background-position":"center center","background-size":"auto","background-attachment":"scroll","background-type":"","background-media":"","overlay-type":"","overlay-color":"","overlay-opacity":"","overlay-gradient":""}},"footnotes":""},"class_list":["post-28238","page","type-page","status-publish","hentry"],"_links":{"self":[{"href":"https:\/\/test.umrajgrod.pl\/en\/wp-json\/wp\/v2\/pages\/28238","targetHints":{"allow":["GET"]}}],"collection":[{"href":"https:\/\/test.umrajgrod.pl\/en\/wp-json\/wp\/v2\/pages"}],"about":[{"href":"https:\/\/test.umrajgrod.pl\/en\/wp-json\/wp\/v2\/types\/page"}],"author":[{"embeddable":true,"href":"https:\/\/test.umrajgrod.pl\/en\/wp-json\/wp\/v2\/users\/5"}],"replies":[{"embeddable":true,"href":"https:\/\/test.umrajgrod.pl\/en\/wp-json\/wp\/v2\/comments?post=28238"}],"version-history":[{"count":0,"href":"https:\/\/test.umrajgrod.pl\/en\/wp-json\/wp\/v2\/pages\/28238\/revisions"}],"wp:attachment":[{"href":"https:\/\/test.umrajgrod.pl\/en\/wp-json\/wp\/v2\/media?parent=28238"}],"curies":[{"name":"wp","href":"https:\/\/api.w.org\/{rel}","templated":true}]}}