{"id":28268,"date":"2023-07-19T16:12:28","date_gmt":"2023-07-19T14:12:28","guid":{"rendered":"https:\/\/test.umrajgrod.pl\/solectwa\/"},"modified":"2023-07-19T16:12:28","modified_gmt":"2023-07-19T14:12:28","slug":"solectwa","status":"publish","type":"page","link":"https:\/\/test.umrajgrod.pl\/en\/solectwa\/","title":{"rendered":"So\u0142ectwa"},"content":{"rendered":"\n<h3 class=\"wp-block-heading has-text-align-center\">Fundusz So\u0142ecki<\/h3>\n\n\n\n<figure class=\"wp-block-image aligncenter size-full is-resized\"><img loading=\"lazy\" decoding=\"async\" src=\"https:\/\/test.umrajgrod.pl\/wp-content\/uploads\/2023\/07\/5694ab4f55a70-logo_bip.png\" alt=\"\" class=\"wp-image-20726\" width=\"129\" height=\"147\"\/><\/figure>\n\n\n\n<ul class=\"wp-block-list\">\n<li><a href=\"https:\/\/bip.um.rajgrod.wrotapodlasia.pl\/437f02569dbe77e\/var\/resources\/143\/216\/406\/wykaz_solectw_w_gminie_rajgrod.pdf\" target=\"_blank\" rel=\"noopener\">Wykaz So\u0142ectw w Gminie Rajgr\u00f3d<\/a><\/li>\n<\/ul>\n\n\n\n<ul class=\"wp-block-list\">\n<li><a href=\"https:\/\/bip.um.rajgrod.wrotapodlasia.pl\/437f02569dbe77e\/var\/resources\/143\/216\/406\/ustawaofunduszusoleckim.pdf\" target=\"_blank\" rel=\"noopener\">USTAWA&nbsp;z dnia 21 lutego 2014 r.&nbsp;o funduszu so\u0142eckim<\/a><\/li>\n<\/ul>\n\n\n\n<ul class=\"wp-block-list\">\n<li><a href=\"https:\/\/bip.um.rajgrod.wrotapodlasia.pl\/437f02569dbe77e\/var\/resources\/143\/216\/406\/uchwala_o_wyrazeniu_zgody.pdf\" target=\"_blank\" rel=\"noopener\">UCHWA\u0141A NR V\/33\/15 RADY MIEJSKIEJ W RAJGRODZIE z dnia 27 marca 2015 r. w sprawie wyodr\u0119bnienia w bud\u017cecie Gminy Rajgr\u00f3d \u015brodk\u00f3w stanowi\u0105cych fundusz so\u0142ecki<\/a><\/li>\n<\/ul>\n\n\n\n<ul class=\"wp-block-list\">\n<li><a href=\"https:\/\/bip.um.rajgrod.wrotapodlasia.pl\/437f02569dbe77e\/var\/resources\/143\/216\/406\/zarzadzenie_nr_5315_w_sprawie_okreslenia_procedur_korzystania_ze_srodkow_funduszu_soleckiego.pdf\" target=\"_blank\" rel=\"noopener\">Zarz\u0105dzenie Nr 53\/15 Burmistrza Rajgrodu z dnia 24 lipca 2015 r.&nbsp;w sprawie okre\u015blenia procedur korzystania ze \u015brodk\u00f3w funduszu so\u0142eckiego<\/a><\/li>\n<\/ul>\n\n\n\n<ul class=\"wp-block-list\">\n<li><a href=\"https:\/\/bip.um.rajgrod.wrotapodlasia.pl\/437f02569dbe77e\/var\/resources\/143\/216\/406\/informacja_o_wysokosci_srodkow_funduszu_soleckiego_przypadajacych_na_dane_solectwo_w_gminie_rajgrod_na_rok_2016_1.pdf\" target=\"_blank\" rel=\"noopener\">Informacja o wysoko\u015bci srodk\u00f3w funduszu so\u0142eckiego przypadaj\u0105cych na dane so\u0142ectwo w Gminie Rajgr\u00f3d na rok 2016&nbsp;w sprawie okre\u015blenia procedur korzystania ze \u015brodk\u00f3w funduszu so\u0142eckiego<\/a><\/li>\n<\/ul>\n\n\n\n<ul class=\"wp-block-list\">\n<li><a href=\"https:\/\/bip.um.rajgrod.wrotapodlasia.pl\/437f02569dbe77e\/var\/resources\/143\/216\/406\/wyborcy_solectwa.pdf\" target=\"_blank\" rel=\"noopener\">Liczba mieszka\u0144c\u00f3w poszczeg\u00f3lnych so\u0142ectw wg stanu na dzie\u0144 5 sierpnia 2015 r.<\/a><\/li>\n<\/ul>\n\n\n\n<ul class=\"wp-block-list\">\n<li><a href=\"https:\/\/bip.um.rajgrod.wrotapodlasia.pl\/437f02569dbe77e\/var\/resources\/143\/216\/406\/zarzadzenie_nr_5415_w_sprawie_powolania_komisji_oceny_wnioskow.pdf\" target=\"_blank\" rel=\"noopener\">Zarz\u0105dzenie Nr 54\/15 Burmistrza Rajgrodu z dnia 30 lipca 2015 r. w sprawie powo\u0142ania Komisji Oceny Wniosk\u00f3w<\/a>&nbsp;<\/li>\n<\/ul>\n\n\n\n<p><strong>Przyk\u0142adowe zadania do realizacji w ramach funduszu so\u0142eckiego<\/strong><\/p>\n\n\n\n<p>Wzory dokument\u00f3w:<\/p>\n\n\n\n<ul class=\"wp-block-list\">\n<li><a href=\"https:\/\/bip.um.rajgrod.wrotapodlasia.pl\/437f02569dbe77e\/var\/resources\/143\/216\/406\/wzor_nr_1.doc\" target=\"_blank\" rel=\"noopener\">ZAPROSZENIE&nbsp;NA ZEBRANIE WIEJSKIE&nbsp;w sprawie przeznaczenia \u015brodk\u00f3w z Funduszu So\u0142eckiego na 2016 rok<\/a><\/li>\n<\/ul>\n\n\n\n<ul class=\"wp-block-list\">\n<li><a href=\"https:\/\/bip.um.rajgrod.wrotapodlasia.pl\/437f02569dbe77e\/var\/resources\/143\/216\/406\/wzor_nr_2.doc\" target=\"_blank\" rel=\"noopener\">Lista obecno\u015bci&nbsp;na Zebraniu Wiejskim So\u0142ectwa<\/a><\/li>\n<\/ul>\n\n\n\n<ul class=\"wp-block-list\">\n<li><a href=\"https:\/\/bip.um.rajgrod.wrotapodlasia.pl\/437f02569dbe77e\/var\/resources\/143\/216\/406\/wzor_nr_3.doc\" target=\"_blank\" rel=\"noopener\">Uchwa\u0142a Zebrania Wiejskiego So\u0142ectwa&nbsp;w sprawie uchwalenia wniosku o przyznanie \u015brodk\u00f3w z funduszu so\u0142eckiego<\/a><\/li>\n<\/ul>\n\n\n\n<ul class=\"wp-block-list\">\n<li><a href=\"https:\/\/bip.um.rajgrod.wrotapodlasia.pl\/437f02569dbe77e\/var\/resources\/143\/216\/406\/wzor_nr_4.doc\" target=\"_blank\" rel=\"noopener\">WNIOSEK&nbsp;O PRZYZNANIE \u015aRODK\u00d3W Z FUNDUSZU SO\u0141ECKIEGO<\/a><\/li>\n<\/ul>\n\n\n\n<ul class=\"wp-block-list\">\n<li><a href=\"https:\/\/bip.um.rajgrod.wrotapodlasia.pl\/437f02569dbe77e\/var\/resources\/143\/216\/406\/wzor_nr_5.doc\" target=\"_blank\" rel=\"noopener\">Protok\u00f3\u0142&nbsp;z Zebrania Wiejskiego So\u0142ectwa<\/a><\/li>\n<\/ul>\n\n\n\n<ul class=\"wp-block-list\">\n<li><a href=\"https:\/\/bip.um.rajgrod.wrotapodlasia.pl\/437f02569dbe77e\/var\/resources\/143\/216\/406\/wzor_nr_6.doc\" target=\"_blank\" rel=\"noopener\">Wniosek do Rady Miejskiej w Rajgrodzie o podtrzymanie odrzuconego wniosku<\/a><\/li>\n<\/ul>\n\n\n\n<ul class=\"wp-block-list\">\n<li><a href=\"https:\/\/bip.um.rajgrod.wrotapodlasia.pl\/437f02569dbe77e\/var\/resources\/143\/216\/406\/wzor_nr_7.doc\" target=\"_blank\" rel=\"noopener\">Uchwa\u0142a Zebrania Wiejskiego So\u0142ectwa&nbsp;w sprawie ponownego uchwalenia wniosku o przyznanie \u015brodk\u00f3w z funduszu so\u0142eckiego<\/a><\/li>\n<\/ul>\n\n\n\n<ul class=\"wp-block-list\">\n<li><a href=\"https:\/\/bip.um.rajgrod.wrotapodlasia.pl\/437f02569dbe77e\/var\/resources\/143\/216\/406\/wzor_nr_8.doc\" target=\"_blank\" rel=\"noopener\">Uchwa\u0142a Nr Zebrania Wiejskiego So\u0142ectwa&nbsp;w sprawie uchwalenia wniosku o zmian\u0119 przedsi\u0119wzi\u0119\u0107 lub ich zakresu przewidzianego do realizacji w bud\u017cecie Gminy Rajgr\u00f3d<\/a><\/li>\n<\/ul>\n\n\n\n<p><a href=\"https:\/\/bip.um.rajgrod.wrotapodlasia.pl\/437f02569dbe77e\/var\/resources\/143\/216\/406\/zarzadzenie_nr_5415_w_sprawie_powolania_komisji_oceny_wnioskow.pdf\" target=\"_blank\" rel=\"noopener\"><\/a><\/p>\n\n\n\n<p><a href=\"https:\/\/bip.um.rajgrod.wrotapodlasia.pl\/\" target=\"_blank\" rel=\"noopener\">https:\/\/bip.um.rajgrod.wrotapodlasia.pl\/<\/a><\/p>\n","protected":false},"excerpt":{"rendered":"<p>Fundusz So\u0142ecki Przyk\u0142adowe zadania do realizacji w ramach funduszu so\u0142eckiego Wzory dokument\u00f3w: https:\/\/bip.um.rajgrod.wrotapodlasia.pl\/<\/p>\n","protected":false},"author":5,"featured_media":0,"parent":0,"menu_order":0,"comment_status":"closed","ping_status":"closed","template":"","meta":{"inline_featured_image":false,"site-sidebar-layout":"default","site-content-layout":"","ast-site-content-layout":"default","site-content-style":"default","site-sidebar-style":"default","ast-global-header-display":"","ast-banner-title-visibility":"","ast-main-header-display":"","ast-hfb-above-header-display":"","ast-hfb-below-header-display":"","ast-hfb-mobile-header-display":"","site-post-title":"","ast-breadcrumbs-content":"","ast-featured-img":"","footer-sml-layout":"","ast-disable-related-posts":"","theme-transparent-header-meta":"","adv-header-id-meta":"","stick-header-meta":"","header-above-stick-meta":"","header-main-stick-meta":"","header-below-stick-meta":"","astra-migrate-meta-layouts":"default","ast-page-background-enabled":"default","ast-page-background-meta":{"desktop":{"background-color":"var(--ast-global-color-4)","background-image":"","background-repeat":"repeat","background-position":"center center","background-size":"auto","background-attachment":"scroll","background-type":"","background-media":"","overlay-type":"","overlay-color":"","overlay-opacity":"","overlay-gradient":""},"tablet":{"background-color":"","background-image":"","background-repeat":"repeat","background-position":"center center","background-size":"auto","background-attachment":"scroll","background-type":"","background-media":"","overlay-type":"","overlay-color":"","overlay-opacity":"","overlay-gradient":""},"mobile":{"background-color":"","background-image":"","background-repeat":"repeat","background-position":"center center","background-size":"auto","background-attachment":"scroll","background-type":"","background-media":"","overlay-type":"","overlay-color":"","overlay-opacity":"","overlay-gradient":""}},"ast-content-background-meta":{"desktop":{"background-color":"var(--ast-global-color-5)","background-image":"","background-repeat":"repeat","background-position":"center center","background-size":"auto","background-attachment":"scroll","background-type":"","background-media":"","overlay-type":"","overlay-color":"","overlay-opacity":"","overlay-gradient":""},"tablet":{"background-color":"var(--ast-global-color-5)","background-image":"","background-repeat":"repeat","background-position":"center center","background-size":"auto","background-attachment":"scroll","background-type":"","background-media":"","overlay-type":"","overlay-color":"","overlay-opacity":"","overlay-gradient":""},"mobile":{"background-color":"var(--ast-global-color-5)","background-image":"","background-repeat":"repeat","background-position":"center center","background-size":"auto","background-attachment":"scroll","background-type":"","background-media":"","overlay-type":"","overlay-color":"","overlay-opacity":"","overlay-gradient":""}},"footnotes":""},"class_list":["post-28268","page","type-page","status-publish","hentry"],"_links":{"self":[{"href":"https:\/\/test.umrajgrod.pl\/en\/wp-json\/wp\/v2\/pages\/28268","targetHints":{"allow":["GET"]}}],"collection":[{"href":"https:\/\/test.umrajgrod.pl\/en\/wp-json\/wp\/v2\/pages"}],"about":[{"href":"https:\/\/test.umrajgrod.pl\/en\/wp-json\/wp\/v2\/types\/page"}],"author":[{"embeddable":true,"href":"https:\/\/test.umrajgrod.pl\/en\/wp-json\/wp\/v2\/users\/5"}],"replies":[{"embeddable":true,"href":"https:\/\/test.umrajgrod.pl\/en\/wp-json\/wp\/v2\/comments?post=28268"}],"version-history":[{"count":0,"href":"https:\/\/test.umrajgrod.pl\/en\/wp-json\/wp\/v2\/pages\/28268\/revisions"}],"wp:attachment":[{"href":"https:\/\/test.umrajgrod.pl\/en\/wp-json\/wp\/v2\/media?parent=28268"}],"curies":[{"name":"wp","href":"https:\/\/api.w.org\/{rel}","templated":true}]}}