{"id":28271,"date":"2023-08-24T17:05:24","date_gmt":"2023-08-24T15:05:24","guid":{"rendered":"https:\/\/test.umrajgrod.pl\/swietlice-wiejskie\/"},"modified":"2023-08-24T17:05:24","modified_gmt":"2023-08-24T15:05:24","slug":"swietlice-wiejskie","status":"publish","type":"page","link":"https:\/\/test.umrajgrod.pl\/en\/swietlice-wiejskie\/","title":{"rendered":"\u015awietlice wiejskie"},"content":{"rendered":"\n<div class=\"wp-block-columns is-layout-flex wp-container-core-columns-is-layout-28f84493 wp-block-columns-is-layout-flex\">\n<div class=\"wp-block-column is-layout-flow wp-block-column-is-layout-flow\">\n<figure class=\"wp-block-image size-full\"><img loading=\"lazy\" decoding=\"async\" width=\"1024\" height=\"768\" src=\"https:\/\/test.umrajgrod.pl\/wp-content\/uploads\/2023\/08\/Belda-1.jpg\" alt=\"\" class=\"wp-image-23885\" srcset=\"https:\/\/test.umrajgrod.pl\/wp-content\/uploads\/2023\/08\/Belda-1.jpg 1024w, https:\/\/test.umrajgrod.pl\/wp-content\/uploads\/2023\/08\/Belda-1-300x225.jpg 300w, https:\/\/test.umrajgrod.pl\/wp-content\/uploads\/2023\/08\/Belda-1-768x576.jpg 768w\" sizes=\"auto, (max-width: 1024px) 100vw, 1024px\" \/><\/figure>\n<\/div>\n\n\n\n<div class=\"wp-block-column is-layout-flow wp-block-column-is-layout-flow\">\n<h2 class=\"wp-block-heading\">\u015awietlica Wiejska w Be\u0142dzie<\/h2>\n\n\n\n<div class=\"wp-block-buttons is-layout-flex wp-block-buttons-is-layout-flex\">\n<div class=\"wp-block-button\"><a class=\"wp-block-button__link wp-element-button\" href=\"https:\/\/test.umrajgrod.pl\/swietlica-wiejska-w-beldzie\/\">Zobacz<\/a><\/div>\n<\/div>\n<\/div>\n<\/div>\n\n\n\n<div class=\"wp-block-columns is-layout-flex wp-container-core-columns-is-layout-28f84493 wp-block-columns-is-layout-flex\">\n<div class=\"wp-block-column is-layout-flow wp-block-column-is-layout-flow\">\n<figure class=\"wp-block-image size-full\"><img loading=\"lazy\" decoding=\"async\" width=\"640\" height=\"427\" src=\"https:\/\/test.umrajgrod.pl\/wp-content\/uploads\/2023\/08\/Biebrza-1.jpg\" alt=\"\" class=\"wp-image-23891\" srcset=\"https:\/\/test.umrajgrod.pl\/wp-content\/uploads\/2023\/08\/Biebrza-1.jpg 640w, https:\/\/test.umrajgrod.pl\/wp-content\/uploads\/2023\/08\/Biebrza-1-300x200.jpg 300w\" sizes=\"auto, (max-width: 640px) 100vw, 640px\" \/><\/figure>\n<\/div>\n\n\n\n<div class=\"wp-block-column is-layout-flow wp-block-column-is-layout-flow\">\n<h2 class=\"wp-block-heading\">\u015awietlica Wiejska w Biebrzy<\/h2>\n\n\n\n<div class=\"wp-block-buttons is-layout-flex wp-block-buttons-is-layout-flex\">\n<div class=\"wp-block-button\"><a class=\"wp-block-button__link wp-element-button\" href=\"https:\/\/test.umrajgrod.pl\/swietlica-wiejska-w-biebrzy\/\">Zobacz<\/a><\/div>\n<\/div>\n<\/div>\n<\/div>\n\n\n\n<div class=\"wp-block-columns is-layout-flex wp-container-core-columns-is-layout-28f84493 wp-block-columns-is-layout-flex\">\n<div class=\"wp-block-column is-layout-flow wp-block-column-is-layout-flow\">\n<figure class=\"wp-block-image size-large\"><img loading=\"lazy\" decoding=\"async\" width=\"1024\" height=\"577\" src=\"https:\/\/test.umrajgrod.pl\/wp-content\/uploads\/2023\/08\/Kosowka-1-1024x577.jpg\" alt=\"\" class=\"wp-image-23897\" srcset=\"https:\/\/test.umrajgrod.pl\/wp-content\/uploads\/2023\/08\/Kosowka-1-1024x577.jpg 1024w, https:\/\/test.umrajgrod.pl\/wp-content\/uploads\/2023\/08\/Kosowka-1-300x169.jpg 300w, https:\/\/test.umrajgrod.pl\/wp-content\/uploads\/2023\/08\/Kosowka-1-768x433.jpg 768w, https:\/\/test.umrajgrod.pl\/wp-content\/uploads\/2023\/08\/Kosowka-1-1536x866.jpg 1536w, https:\/\/test.umrajgrod.pl\/wp-content\/uploads\/2023\/08\/Kosowka-1-2048x1155.jpg 2048w\" sizes=\"auto, (max-width: 1024px) 100vw, 1024px\" \/><\/figure>\n<\/div>\n\n\n\n<div class=\"wp-block-column is-layout-flow wp-block-column-is-layout-flow\">\n<h2 class=\"wp-block-heading\">\u015awietlica Wiejska w Kos\u00f3wce<\/h2>\n\n\n\n<div class=\"wp-block-buttons is-layout-flex wp-block-buttons-is-layout-flex\">\n<div class=\"wp-block-button\"><a class=\"wp-block-button__link wp-element-button\" href=\"https:\/\/test.umrajgrod.pl\/swietlica-wiejska-w-kosowce\/\">Zobacz<\/a><\/div>\n<\/div>\n<\/div>\n<\/div>\n\n\n\n<div class=\"wp-block-columns is-layout-flex wp-container-core-columns-is-layout-28f84493 wp-block-columns-is-layout-flex\">\n<div class=\"wp-block-column is-layout-flow wp-block-column-is-layout-flow\">\n<figure class=\"wp-block-image size-large\"><img loading=\"lazy\" decoding=\"async\" width=\"1024\" height=\"683\" src=\"https:\/\/test.umrajgrod.pl\/wp-content\/uploads\/2023\/08\/Pienczykowo-1-1024x683.jpg\" alt=\"\" class=\"wp-image-23903\" srcset=\"https:\/\/test.umrajgrod.pl\/wp-content\/uploads\/2023\/08\/Pienczykowo-1-1024x683.jpg 1024w, https:\/\/test.umrajgrod.pl\/wp-content\/uploads\/2023\/08\/Pienczykowo-1-300x200.jpg 300w, https:\/\/test.umrajgrod.pl\/wp-content\/uploads\/2023\/08\/Pienczykowo-1-768x512.jpg 768w, https:\/\/test.umrajgrod.pl\/wp-content\/uploads\/2023\/08\/Pienczykowo-1.jpg 1200w\" sizes=\"auto, (max-width: 1024px) 100vw, 1024px\" \/><\/figure>\n<\/div>\n\n\n\n<div class=\"wp-block-column is-layout-flow wp-block-column-is-layout-flow\">\n<h2 class=\"wp-block-heading\">\u015awietlica Wiejska w Pie\u0144czykowie<\/h2>\n\n\n\n<div class=\"wp-block-buttons is-layout-flex wp-block-buttons-is-layout-flex\">\n<div class=\"wp-block-button\"><a class=\"wp-block-button__link wp-element-button\" href=\"https:\/\/test.umrajgrod.pl\/swietlica-wiejska-w-pienczykowie\/\">Zobacz<\/a><\/div>\n<\/div>\n<\/div>\n<\/div>\n\n\n\n<div class=\"wp-block-columns is-layout-flex wp-container-core-columns-is-layout-28f84493 wp-block-columns-is-layout-flex\">\n<div class=\"wp-block-column is-layout-flow wp-block-column-is-layout-flow\">\n<figure class=\"wp-block-image size-full\"><img loading=\"lazy\" decoding=\"async\" width=\"640\" height=\"427\" src=\"https:\/\/test.umrajgrod.pl\/wp-content\/uploads\/2023\/08\/Rydzewo-1.jpg\" alt=\"\" class=\"wp-image-23909\" srcset=\"https:\/\/test.umrajgrod.pl\/wp-content\/uploads\/2023\/08\/Rydzewo-1.jpg 640w, https:\/\/test.umrajgrod.pl\/wp-content\/uploads\/2023\/08\/Rydzewo-1-300x200.jpg 300w\" sizes=\"auto, (max-width: 640px) 100vw, 640px\" \/><\/figure>\n<\/div>\n\n\n\n<div class=\"wp-block-column is-layout-flow wp-block-column-is-layout-flow\">\n<h2 class=\"wp-block-heading\">\u015awietlica Wiejska w Rydzewie<\/h2>\n\n\n\n<div class=\"wp-block-buttons is-layout-flex wp-block-buttons-is-layout-flex\">\n<div class=\"wp-block-button\"><a class=\"wp-block-button__link wp-element-button\" href=\"https:\/\/test.umrajgrod.pl\/swietlica-wiejska-w-rydzewie\/\">Zobacz<\/a><\/div>\n<\/div>\n<\/div>\n<\/div>\n\n\n\n<div class=\"wp-block-columns is-layout-flex wp-container-core-columns-is-layout-28f84493 wp-block-columns-is-layout-flex\">\n<div class=\"wp-block-column is-layout-flow wp-block-column-is-layout-flow\">\n<figure class=\"wp-block-image size-large\"><img loading=\"lazy\" decoding=\"async\" width=\"1024\" height=\"768\" src=\"https:\/\/test.umrajgrod.pl\/wp-content\/uploads\/2023\/08\/Remiza-1-1024x768.jpg\" alt=\"\" class=\"wp-image-23915\" srcset=\"https:\/\/test.umrajgrod.pl\/wp-content\/uploads\/2023\/08\/Remiza-1-1024x768.jpg 1024w, https:\/\/test.umrajgrod.pl\/wp-content\/uploads\/2023\/08\/Remiza-1-300x225.jpg 300w, https:\/\/test.umrajgrod.pl\/wp-content\/uploads\/2023\/08\/Remiza-1-768x576.jpg 768w, https:\/\/test.umrajgrod.pl\/wp-content\/uploads\/2023\/08\/Remiza-1-1536x1152.jpg 1536w, https:\/\/test.umrajgrod.pl\/wp-content\/uploads\/2023\/08\/Remiza-1-2048x1536.jpg 2048w\" sizes=\"auto, (max-width: 1024px) 100vw, 1024px\" \/><\/figure>\n<\/div>\n\n\n\n<div class=\"wp-block-column is-layout-flow wp-block-column-is-layout-flow\">\n<h2 class=\"wp-block-heading\">\u015awietlica Wiejska w Wo\u017anejwsi<\/h2>\n\n\n\n<div class=\"wp-block-buttons is-layout-flex wp-block-buttons-is-layout-flex\">\n<div class=\"wp-block-button\"><a class=\"wp-block-button__link wp-element-button\" href=\"https:\/\/test.umrajgrod.pl\/swietlica-wiejska-w-woznejwsi\/\">Zobacz<\/a><\/div>\n<\/div>\n<\/div>\n<\/div>\n","protected":false},"excerpt":{"rendered":"<p>\u015awietlica Wiejska w Be\u0142dzie \u015awietlica Wiejska w Biebrzy \u015awietlica Wiejska w Kos\u00f3wce \u015awietlica Wiejska w Pie\u0144czykowie \u015awietlica Wiejska w Rydzewie [&hellip;]<\/p>\n","protected":false},"author":4,"featured_media":0,"parent":0,"menu_order":0,"comment_status":"closed","ping_status":"closed","template":"","meta":{"inline_featured_image":false,"site-sidebar-layout":"default","site-content-layout":"","ast-site-content-layout":"default","site-content-style":"default","site-sidebar-style":"default","ast-global-header-display":"","ast-banner-title-visibility":"","ast-main-header-display":"","ast-hfb-above-header-display":"","ast-hfb-below-header-display":"","ast-hfb-mobile-header-display":"","site-post-title":"","ast-breadcrumbs-content":"","ast-featured-img":"","footer-sml-layout":"","ast-disable-related-posts":"","theme-transparent-header-meta":"","adv-header-id-meta":"","stick-header-meta":"","header-above-stick-meta":"","header-main-stick-meta":"","header-below-stick-meta":"","astra-migrate-meta-layouts":"set","ast-page-background-enabled":"default","ast-page-background-meta":{"desktop":{"background-color":"var(--ast-global-color-4)","background-image":"","background-repeat":"repeat","background-position":"center center","background-size":"auto","background-attachment":"scroll","background-type":"","background-media":"","overlay-type":"","overlay-color":"","overlay-opacity":"","overlay-gradient":""},"tablet":{"background-color":"","background-image":"","background-repeat":"repeat","background-position":"center center","background-size":"auto","background-attachment":"scroll","background-type":"","background-media":"","overlay-type":"","overlay-color":"","overlay-opacity":"","overlay-gradient":""},"mobile":{"background-color":"","background-image":"","background-repeat":"repeat","background-position":"center center","background-size":"auto","background-attachment":"scroll","background-type":"","background-media":"","overlay-type":"","overlay-color":"","overlay-opacity":"","overlay-gradient":""}},"ast-content-background-meta":{"desktop":{"background-color":"var(--ast-global-color-5)","background-image":"","background-repeat":"repeat","background-position":"center center","background-size":"auto","background-attachment":"scroll","background-type":"","background-media":"","overlay-type":"","overlay-color":"","overlay-opacity":"","overlay-gradient":""},"tablet":{"background-color":"var(--ast-global-color-5)","background-image":"","background-repeat":"repeat","background-position":"center center","background-size":"auto","background-attachment":"scroll","background-type":"","background-media":"","overlay-type":"","overlay-color":"","overlay-opacity":"","overlay-gradient":""},"mobile":{"background-color":"var(--ast-global-color-5)","background-image":"","background-repeat":"repeat","background-position":"center center","background-size":"auto","background-attachment":"scroll","background-type":"","background-media":"","overlay-type":"","overlay-color":"","overlay-opacity":"","overlay-gradient":""}},"footnotes":""},"class_list":["post-28271","page","type-page","status-publish","hentry"],"_links":{"self":[{"href":"https:\/\/test.umrajgrod.pl\/en\/wp-json\/wp\/v2\/pages\/28271","targetHints":{"allow":["GET"]}}],"collection":[{"href":"https:\/\/test.umrajgrod.pl\/en\/wp-json\/wp\/v2\/pages"}],"about":[{"href":"https:\/\/test.umrajgrod.pl\/en\/wp-json\/wp\/v2\/types\/page"}],"author":[{"embeddable":true,"href":"https:\/\/test.umrajgrod.pl\/en\/wp-json\/wp\/v2\/users\/4"}],"replies":[{"embeddable":true,"href":"https:\/\/test.umrajgrod.pl\/en\/wp-json\/wp\/v2\/comments?post=28271"}],"version-history":[{"count":0,"href":"https:\/\/test.umrajgrod.pl\/en\/wp-json\/wp\/v2\/pages\/28271\/revisions"}],"wp:attachment":[{"href":"https:\/\/test.umrajgrod.pl\/en\/wp-json\/wp\/v2\/media?parent=28271"}],"curies":[{"name":"wp","href":"https:\/\/api.w.org\/{rel}","templated":true}]}}