{"id":28286,"date":"2023-08-22T16:46:18","date_gmt":"2023-08-22T14:46:18","guid":{"rendered":"https:\/\/test.umrajgrod.pl\/kontakt\/"},"modified":"2023-08-22T16:46:18","modified_gmt":"2023-08-22T14:46:18","slug":"kontakt","status":"publish","type":"page","link":"https:\/\/test.umrajgrod.pl\/en\/kontakt\/","title":{"rendered":"Kontakt"},"content":{"rendered":"\n<h2 class=\"wp-block-heading\"><strong>Urz\u0105d Miejski w Rajgrodzie<\/strong><\/h2>\n\n\n\n<div class=\"wp-block-columns are-vertically-aligned-center is-layout-flex wp-container-core-columns-is-layout-39ac86c9 wp-block-columns-is-layout-flex\" style=\"margin-top:20px;margin-bottom:120px\">\n<div class=\"wp-block-column is-vertically-aligned-center has-ast-global-color-5-background-color has-background is-layout-flow wp-block-column-is-layout-flow\" style=\"padding-top:20px;padding-right:20px;padding-bottom:20px;padding-left:20px;flex-basis:100%\">\n<div class=\"wp-block-columns is-layout-flex wp-container-core-columns-is-layout-28f84493 wp-block-columns-is-layout-flex\">\n<div class=\"wp-block-column is-layout-flow wp-block-column-is-layout-flow\" style=\"flex-basis:33.33%\">\n<p>Adres:<\/p>\n<\/div>\n\n\n\n<div class=\"wp-block-column is-layout-flow wp-block-column-is-layout-flow\" style=\"flex-basis:66.66%\">\n<p>ul. Warszawska 32,<br>19-206, Rajgr\u00f3d<\/p>\n<\/div>\n<\/div>\n\n\n\n<div class=\"wp-block-columns is-layout-flex wp-container-core-columns-is-layout-28f84493 wp-block-columns-is-layout-flex\">\n<div class=\"wp-block-column is-layout-flow wp-block-column-is-layout-flow\" style=\"flex-basis:33.33%\">\n<p>Wojew\u00f3dztwo:<\/p>\n<\/div>\n\n\n\n<div class=\"wp-block-column is-layout-flow wp-block-column-is-layout-flow\" style=\"flex-basis:66.66%\">\n<p>podlaskie<\/p>\n<\/div>\n<\/div>\n\n\n\n<div class=\"wp-block-columns is-layout-flex wp-container-core-columns-is-layout-28f84493 wp-block-columns-is-layout-flex\">\n<div class=\"wp-block-column is-layout-flow wp-block-column-is-layout-flow\" style=\"flex-basis:33.33%\">\n<p>Powiat:<\/p>\n<\/div>\n\n\n\n<div class=\"wp-block-column is-layout-flow wp-block-column-is-layout-flow\" style=\"flex-basis:66.66%\">\n<p>grajewski<\/p>\n<\/div>\n<\/div>\n\n\n\n<div class=\"wp-block-columns is-layout-flex wp-container-core-columns-is-layout-28f84493 wp-block-columns-is-layout-flex\">\n<div class=\"wp-block-column is-layout-flow wp-block-column-is-layout-flow\" style=\"flex-basis:33.33%\">\n<p>kod TERYT gminy Rajgr\u00f3d:<\/p>\n<\/div>\n\n\n\n<div class=\"wp-block-column is-layout-flow wp-block-column-is-layout-flow\" style=\"flex-basis:66.66%\">\n<p>2004043<\/p>\n<\/div>\n<\/div>\n\n\n\n<div class=\"wp-block-columns dane-adresowe is-layout-flex wp-container-core-columns-is-layout-28f84493 wp-block-columns-is-layout-flex\">\n<div class=\"wp-block-column is-layout-flow wp-block-column-is-layout-flow\" style=\"flex-basis:33.33%\">\n<p>Telefon:<\/p>\n<\/div>\n\n\n\n<div class=\"wp-block-column is-layout-flow wp-block-column-is-layout-flow\" style=\"flex-basis:66.66%\">\n<p>086 272-19-40 (sekretariat)<br>fax. 086 272-19-41<\/p>\n<\/div>\n<\/div>\n\n\n\n<div class=\"wp-block-columns dane-adresowe is-layout-flex wp-container-core-columns-is-layout-28f84493 wp-block-columns-is-layout-flex\">\n<div class=\"wp-block-column is-layout-flow wp-block-column-is-layout-flow\" style=\"flex-basis:33.33%\">\n<p>NIP urz\u0119du:<\/p>\n<\/div>\n\n\n\n<div class=\"wp-block-column is-layout-flow wp-block-column-is-layout-flow\" style=\"flex-basis:66.66%\">\n<p>7190003843<\/p>\n<\/div>\n<\/div>\n\n\n\n<div class=\"wp-block-columns dane-adresowe is-layout-flex wp-container-core-columns-is-layout-28f84493 wp-block-columns-is-layout-flex\">\n<div class=\"wp-block-column is-layout-flow wp-block-column-is-layout-flow\" style=\"flex-basis:33.33%\">\n<p>REGON urz\u0119du:<\/p>\n<\/div>\n\n\n\n<div class=\"wp-block-column is-layout-flow wp-block-column-is-layout-flow\" style=\"flex-basis:66.66%\">\n<p>000528824<\/p>\n<\/div>\n<\/div>\n\n\n\n<div class=\"wp-block-columns dane-adresowe is-layout-flex wp-container-core-columns-is-layout-28f84493 wp-block-columns-is-layout-flex\">\n<div class=\"wp-block-column is-layout-flow wp-block-column-is-layout-flow\" style=\"flex-basis:33.33%\">\n<p>NIP gminy:<\/p>\n<\/div>\n\n\n\n<div class=\"wp-block-column is-layout-flow wp-block-column-is-layout-flow\" style=\"flex-basis:66.66%\">\n<p>7191535559<\/p>\n<\/div>\n<\/div>\n\n\n\n<div class=\"wp-block-columns dane-adresowe is-layout-flex wp-container-core-columns-is-layout-28f84493 wp-block-columns-is-layout-flex\">\n<div class=\"wp-block-column is-layout-flow wp-block-column-is-layout-flow\" style=\"flex-basis:33.33%\">\n<p>REGON urz\u0119du:<\/p>\n<\/div>\n\n\n\n<div class=\"wp-block-column is-layout-flow wp-block-column-is-layout-flow\" style=\"flex-basis:66.66%\">\n<p>450669743<\/p>\n<\/div>\n<\/div>\n\n\n\n<div class=\"wp-block-columns dane-adresowe is-layout-flex wp-container-core-columns-is-layout-28f84493 wp-block-columns-is-layout-flex\">\n<div class=\"wp-block-column is-layout-flow wp-block-column-is-layout-flow\" style=\"flex-basis:33.33%\">\n<p>Nr konta:<\/p>\n<\/div>\n\n\n\n<div class=\"wp-block-column is-layout-flow wp-block-column-is-layout-flow\" style=\"flex-basis:66.66%\">\n<p>16 8768 0003 3900 0550 2000 0010<\/p>\n<\/div>\n<\/div>\n<\/div>\n<\/div>\n\n\n\n<p>Mi\u0119dzynarodowy numer konta: PLN 16 8768 0003 3900 0550 2000 0010 POLUPLPR<\/p>\n\n\n\n<p>Numer konta, na kt\u00f3ry nale\u017cy wp\u0142aca\u0107 wszelkie op\u0142aty dotycz\u0105ce podatk\u00f3w, op\u0142at lokalnych: 43 8768 0003 3900 0550 2000 0300<\/p>\n\n\n\n<p><a href=\"https:\/\/bip.um.rajgrod.wrotapodlasia.pl\/e6f1c1f6e866f8a\/elektron_skrzynka_podawcza.htm\" target=\"_blank\" rel=\"noopener\">Elektroniczna Skrzynka Podawcza<\/a>&nbsp;(prosz\u0119 klikn\u0105\u0107 na link)<\/p>\n\n\n\n<p>Godziny pracy: (poniedzia\u0142ek &#8211; pi\u0105tek) 7:00 &#8211; 15:00<\/p>\n","protected":false},"excerpt":{"rendered":"<p>Urz\u0105d Miejski w Rajgrodzie Adres: ul. Warszawska 32,19-206, Rajgr\u00f3d Wojew\u00f3dztwo: podlaskie Powiat: grajewski kod TERYT gminy Rajgr\u00f3d: 2004043 Telefon: 086 [&hellip;]<\/p>\n","protected":false},"author":4,"featured_media":0,"parent":0,"menu_order":0,"comment_status":"closed","ping_status":"closed","template":"","meta":{"inline_featured_image":false,"site-sidebar-layout":"default","site-content-layout":"","ast-site-content-layout":"default","site-content-style":"default","site-sidebar-style":"default","ast-global-header-display":"","ast-banner-title-visibility":"","ast-main-header-display":"","ast-hfb-above-header-display":"","ast-hfb-below-header-display":"","ast-hfb-mobile-header-display":"","site-post-title":"","ast-breadcrumbs-content":"","ast-featured-img":"","footer-sml-layout":"","ast-disable-related-posts":"","theme-transparent-header-meta":"","adv-header-id-meta":"","stick-header-meta":"","header-above-stick-meta":"","header-main-stick-meta":"","header-below-stick-meta":"","astra-migrate-meta-layouts":"set","ast-page-background-enabled":"default","ast-page-background-meta":{"desktop":{"background-color":"var(--ast-global-color-4)","background-image":"","background-repeat":"repeat","background-position":"center center","background-size":"auto","background-attachment":"scroll","background-type":"","background-media":"","overlay-type":"","overlay-color":"","overlay-opacity":"","overlay-gradient":""},"tablet":{"background-color":"","background-image":"","background-repeat":"repeat","background-position":"center center","background-size":"auto","background-attachment":"scroll","background-type":"","background-media":"","overlay-type":"","overlay-color":"","overlay-opacity":"","overlay-gradient":""},"mobile":{"background-color":"","background-image":"","background-repeat":"repeat","background-position":"center center","background-size":"auto","background-attachment":"scroll","background-type":"","background-media":"","overlay-type":"","overlay-color":"","overlay-opacity":"","overlay-gradient":""}},"ast-content-background-meta":{"desktop":{"background-color":"var(--ast-global-color-5)","background-image":"","background-repeat":"repeat","background-position":"center center","background-size":"auto","background-attachment":"scroll","background-type":"","background-media":"","overlay-type":"","overlay-color":"","overlay-opacity":"","overlay-gradient":""},"tablet":{"background-color":"var(--ast-global-color-5)","background-image":"","background-repeat":"repeat","background-position":"center center","background-size":"auto","background-attachment":"scroll","background-type":"","background-media":"","overlay-type":"","overlay-color":"","overlay-opacity":"","overlay-gradient":""},"mobile":{"background-color":"var(--ast-global-color-5)","background-image":"","background-repeat":"repeat","background-position":"center center","background-size":"auto","background-attachment":"scroll","background-type":"","background-media":"","overlay-type":"","overlay-color":"","overlay-opacity":"","overlay-gradient":""}},"footnotes":""},"class_list":["post-28286","page","type-page","status-publish","hentry"],"_links":{"self":[{"href":"https:\/\/test.umrajgrod.pl\/en\/wp-json\/wp\/v2\/pages\/28286","targetHints":{"allow":["GET"]}}],"collection":[{"href":"https:\/\/test.umrajgrod.pl\/en\/wp-json\/wp\/v2\/pages"}],"about":[{"href":"https:\/\/test.umrajgrod.pl\/en\/wp-json\/wp\/v2\/types\/page"}],"author":[{"embeddable":true,"href":"https:\/\/test.umrajgrod.pl\/en\/wp-json\/wp\/v2\/users\/4"}],"replies":[{"embeddable":true,"href":"https:\/\/test.umrajgrod.pl\/en\/wp-json\/wp\/v2\/comments?post=28286"}],"version-history":[{"count":0,"href":"https:\/\/test.umrajgrod.pl\/en\/wp-json\/wp\/v2\/pages\/28286\/revisions"}],"wp:attachment":[{"href":"https:\/\/test.umrajgrod.pl\/en\/wp-json\/wp\/v2\/media?parent=28286"}],"curies":[{"name":"wp","href":"https:\/\/api.w.org\/{rel}","templated":true}]}}