{"id":28289,"date":"2023-08-24T11:46:15","date_gmt":"2023-08-24T09:46:15","guid":{"rendered":"https:\/\/test.umrajgrod.pl\/deklaracja-dostepnosci\/"},"modified":"2023-10-26T22:48:21","modified_gmt":"2023-10-26T20:48:21","slug":"deklaracja-dostepnosci","status":"publish","type":"page","link":"https:\/\/test.umrajgrod.pl\/en\/deklaracja-dostepnosci\/","title":{"rendered":"Deklaracja dost\u0119pno\u015bci"},"content":{"rendered":"\n<p>Urz\u0105d Miejski w Rajgrodzie zobowi\u0105zuje si\u0119 zapewni\u0107 dost\u0119pno\u015b\u0107 swojej strony internetowej zgodnie z przepisami ustawy z dnia 4 kwietnia 2019 r. o dost\u0119pno\u015bci cyfrowej stron internetowych i aplikacji mobilnych podmiot\u00f3w publicznych.<\/p>\n\n\n\n<p>O\u015bwiadczenie w sprawie dost\u0119pno\u015bci ma zastosowanie do strony internetowej&nbsp;<a href=\"https:\/\/umrajgrod.pl\/\" target=\"_blank\" rel=\"noopener\">Urz\u0119du Miejskiego w Rajgrodzie<\/a>.<\/p>\n\n\n\n<ul class=\"wp-block-list\">\n<li>Data publikacji strony internetowej:\u00a02023-10-26<\/li>\n\n\n\n<li>Data ostatniej istotnej aktualizacji:\u00a02023-10-26<\/li>\n<\/ul>\n\n\n\n<p>Status pod wzgl\u0119dem zgodno\u015bci z ustaw\u0105<\/p>\n\n\n\n<p>Strona internetowa jest\u00a0<strong>zgodna<\/strong>\u00a0z\u00a0ustaw\u0105 o\u00a0dost\u0119pno\u015bci cyfrowej stron internetowych i\u00a0aplikacji mobilnych podmiot\u00f3w publicznych.<\/p>\n\n\n\n<p>W Urz\u0119dzie Miejskim w Rajgrodzie dla strony umrajgrod.pl przeprowadzono samoocen\u0119 dost\u0119pno\u015bci dla os\u00f3b niepe\u0142nosprawnych oraz skorzystano z dost\u0119pnego narz\u0119dzia do oceny strony: Test \u2013 European Internet Inclusion Initiative, (pod adresem internetowym: http:\/\/checkers.eiii.eu), z kt\u00f3rego wynika, \u017ce strona internetowa umrajgrod.pl spe\u0142nia wymagania w 95,96 %.<br>Problemy z dost\u0119pno\u015bci\u0105 niekt\u00f3rych element\u00f3w na stronie mog\u0105 by\u0107 spowodowane nast\u0119puj\u0105cymi przyczynami:<\/p>\n\n\n\n<ul class=\"wp-block-list\">\n<li>zdarza si\u0119, \u017ce \u200b\u200bna przyciskach niewidoczny jest tekst<\/li>\n\n\n\n<li>wyst\u0119puje jeden element, w kt\u00f3rym ramka nie posiada atrybutu \u201etytu\u0142\u201d lub jest on pusty.<\/li>\n<\/ul>\n\n\n\n<p>Przygotowanie deklaracji w sprawie dost\u0119pno\u015bci<\/p>\n\n\n\n<ul class=\"wp-block-list\">\n<li>Deklaracj\u0119 sporz\u0105dzono dnia:\u00a02023-10-26<\/li>\n\n\n\n<li>Deklaracj\u0119 zosta\u0142a ostatnio poddana przegl\u0105dowi i aktualizacji dnia:\u00a02022-10-26<\/li>\n<\/ul>\n\n\n\n<p>Deklaracj\u0119 sporz\u0105dzono na podstawie samooceny.<\/p>\n\n\n\n<p>Wyniki samooceny lub audytu podmiotu zewn\u0119trznego:\u00a0<a href=\"https:\/\/checkers.eiii.eu\/en\/pagecheck2.0\/?uuid=2a25c444-a5e6-4538-9ad7-6efe7bb0839c\" target=\"_blank\" rel=\"noopener\">Zobacz raport<\/a><\/p>\n\n\n\n<p>Informacje zwrotne i dane kontaktowe<\/p>\n\n\n\n<ul class=\"wp-block-list\">\n<li>Za rozpatrywanie uwag i wniosk\u00f3w odpowiada:&nbsp;Piotr Hubert Matysiewicz.<\/li>\n\n\n\n<li>E-mail:&nbsp;hubert.matysiewicz@um.rajgrod.wrotapodlasia.pl<\/li>\n\n\n\n<li>Telefon:&nbsp;862721957<\/li>\n<\/ul>\n\n\n\n<p>Ka\u017cdy ma prawo:<\/p>\n\n\n\n<ul class=\"wp-block-list\">\n<li>zg\u0142osi\u0107 uwagi dotycz\u0105ce dost\u0119pno\u015bci cyfrowej strony lub jej elementu,<\/li>\n\n\n\n<li>zg\u0142osi\u0107 \u017c\u0105danie zapewnienia dost\u0119pno\u015bci cyfrowej strony lub jej elementu,<\/li>\n\n\n\n<li>wnioskowa\u0107 o udost\u0119pnienie niedost\u0119pnej informacji w innej alternatywnej formie.<\/li>\n<\/ul>\n\n\n\n<p>\u017b\u0105danie musi zawiera\u0107:<\/p>\n\n\n\n<ul class=\"wp-block-list\">\n<li>dane kontaktowe osoby zg\u0142aszaj\u0105cej,<\/li>\n\n\n\n<li>wskazanie strony lub elementu strony, kt\u00f3rej dotyczy \u017c\u0105danie,<\/li>\n\n\n\n<li>wskazanie dogodnej formy udost\u0119pnienia informacji, je\u015bli \u017c\u0105danie dotyczy udost\u0119pnienia w formie alternatywnej informacji niedost\u0119pnej.<\/li>\n<\/ul>\n\n\n\n<p>Rozpatrzenie zg\u0142oszenia powinno nast\u0105pi\u0107 niezw\u0142ocznie, najp\u00f3\u017aniej w ci\u0105gu 7 dni. Je\u015bli w tym terminie zapewnienie dost\u0119pno\u015bci albo zapewnienie dost\u0119pu w alternatywnej formie nie jest mo\u017cliwe, powinno nast\u0105pi\u0107 najdalej w ci\u0105gu 2 miesi\u0119cy od daty zg\u0142oszenia.<\/p>\n\n\n\n<p>Skargi i odwo\u0142ania<\/p>\n\n\n\n<p>Na niedotrzymanie tych termin\u00f3w oraz na odmow\u0119 realizacji \u017c\u0105dania mo\u017cna z\u0142o\u017cy\u0107 skarg\u0119 do organu nadzoruj\u0105cego poczt\u0105 lub drog\u0105 elektroniczn\u0105 na adres:<\/p>\n\n\n\n<ul class=\"wp-block-list\">\n<li>Organ nadzoruj\u0105cy: Burmistrz Rajgrodu<\/li>\n<\/ul>\n\n\n\n<p>&#8220;Nazwa organu odwo\u0142awczego&#8221; o\u015bwiadcza, \u017ce ka\u017cdy ma prawo do wyst\u0105pienia z \u017c\u0105daniem zapewnienia dost\u0119pno\u015bci cyfrowej strony internetowej, aplikacji mobilnej lub jakiego\u015b ich elementu. Mo\u017cna tak\u017ce za\u017c\u0105da\u0107 udost\u0119pnienia informacji za pomoc\u0105 alternatywnego sposobu dost\u0119pu, na przyk\u0142ad przez odczytanie niedost\u0119pnego cyfrowo dokumentu, opisanie zawarto\u015bci filmu bez audiodeskrypcji itp. \u017b\u0105danie powinno zawiera\u0107 dane osoby zg\u0142aszaj\u0105cej \u017c\u0105danie, wskazanie, o kt\u00f3r\u0105 stron\u0119 internetow\u0105 lub aplikacj\u0119 mobiln\u0105 chodzi oraz spos\u00f3b kontaktu. Je\u017celi osoba \u017c\u0105daj\u0105ca zg\u0142asza potrzeb\u0119 otrzymania informacji za pomoc\u0105 alternatywnego sposobu dost\u0119pu, powinna tak\u017ce okre\u015bli\u0107 dogodny dla niej spos\u00f3b przedstawienia tej informacji. Podmiot publiczny powinien zrealizowa\u0107 \u017c\u0105danie niezw\u0142ocznie, nie p\u00f3\u017aniej ni\u017c w ci\u0105gu 7 dni od dnia wyst\u0105pienia z \u017c\u0105daniem. Je\u017celi dotrzymanie tego terminu nie jest mo\u017cliwe, podmiot publiczny niezw\u0142ocznie informuje o tym wnosz\u0105cego \u017c\u0105danie, kiedy realizacja \u017c\u0105dania b\u0119dzie mo\u017cliwa, przy czym termin ten nie mo\u017ce by\u0107 d\u0142u\u017cszy ni\u017c 2 miesi\u0105ce od dnia wyst\u0105pienia z \u017c\u0105daniem. Je\u017celi zapewnienie dost\u0119pno\u015bci cyfrowej nie jest mo\u017cliwe, podmiot publiczny mo\u017ce zaproponowa\u0107 alternatywny spos\u00f3b dost\u0119pu do informacji. W przypadku, gdy podmiot publiczny odm\u00f3wi realizacji \u017c\u0105dania zapewnienia dost\u0119pno\u015bci lub alternatywnego sposobu dost\u0119pu do informacji, wnosz\u0105cy \u017c\u0105danie mo\u017cne z\u0142o\u017cy\u0107 skarg\u0119 w sprawie zapewniana dost\u0119pno\u015bci cyfrowej strony internetowej, aplikacji mobilnej lub elementu strony internetowej, lub aplikacji mobilnej. Po wyczerpaniu wskazanej wy\u017cej procedury mo\u017cna tak\u017ce z\u0142o\u017cy\u0107 wniosek do&nbsp;<a href=\"https:\/\/www.rpo.gov.pl\/content\/jak-zglosic-sie-do-rzecznika-praw-obywatelskich\" target=\"_blank\" rel=\"noopener\">Rzecznika Praw Obywatelskich.<\/a><\/p>\n\n\n\n<p>Dost\u0119pno\u015b\u0107 architektoniczna<\/p>\n\n\n\n<p>Budynek Urz\u0119du Miejskiego w Rajgrodzie zlokalizowany jest w Rajgrodzie, przy ul. Warszawskiej 32.<br>Opis dost\u0119pno\u015bci wej\u015bcia do budynku: Na parkingu za budynkiem znajduje si\u0119 jedno miejsce parkingowe przeznaczone dla os\u00f3b niepe\u0142nosprawnych. Do wej\u015bcia g\u0142\u00f3wnego prowadz\u0105 schody sk\u0142adaj\u0105ce si\u0119 z 4 stopni zabezpieczone barierkami oraz pochylnia. Budynek Urz\u0119du Miejskiego sk\u0142ada si\u0119 z 3 kondygnacji \u2013 parter i 2 pi\u0119tra. Na parterze po lewej stronie od wej\u015bcia znajduje si\u0119 punkt informacyjny, w kt\u00f3rym osoby ze szczeg\u00f3lnymi potrzebami mog\u0105 zg\u0142asza\u0107 potrzeb\u0119 komunikacji z poszczeg\u00f3lnymi pracownikami bez konieczno\u015bci przemieszczania si\u0119 na wy\u017csze pi\u0119tra.<br>Opis dost\u0119pno\u015bci pomieszcze\u0144, korytarzy i schod\u00f3w: Komunikacja z poziomu parteru na kolejne pi\u0119tra schodami, brak windy oraz platformy przyschodowej. \u0141azienka oraz pomieszczenia znajduj\u0105ce si\u0119 na parterze budynku dostosowane do potrzeb os\u00f3b niepe\u0142nosprawnych.<br>Brak informacji g\u0142osowych oraz p\u0119tli indukcyjnej. W budynku nie ma oznacze\u0144 w Alfabecie Braille\u2019a ani oznacze\u0144 kontrastowych lub w druku powi\u0119kszonym dla os\u00f3b niewidomych i s\u0142abo widz\u0105cych.<br>Do budynku i wszystkich jego pomieszcze\u0144 mo\u017cna wej\u015b\u0107 z psem asystuj\u0105cym i psem przewodnikiem.<br>Urz\u0105d zapewnia mo\u017cliwo\u015b\u0107 skorzystania z us\u0142ug t\u0142umacza j\u0119zyka migowego.<\/p>\n\n\n\n<div class=\"wp-block-file\"><a id=\"wp-block-file--media-805aa48f-21da-4e13-8b73-35b06c1c9fc9\" href=\"https:\/\/test.umrajgrod.pl\/wp-content\/uploads\/2023\/10\/Deklaracja-dostepnosci.pdf\">Deklaracja-dostepnosci<\/a><a href=\"https:\/\/test.umrajgrod.pl\/wp-content\/uploads\/2023\/10\/Deklaracja-dostepnosci.pdf\" class=\"wp-block-file__button wp-element-button\" aria-describedby=\"wp-block-file--media-805aa48f-21da-4e13-8b73-35b06c1c9fc9\" download>Pobierz<\/a><\/div>\n","protected":false},"excerpt":{"rendered":"<p>Urz\u0105d Miejski w Rajgrodzie zobowi\u0105zuje si\u0119 zapewni\u0107 dost\u0119pno\u015b\u0107 swojej strony internetowej zgodnie z przepisami ustawy z dnia 4 kwietnia 2019 [&hellip;]<\/p>\n","protected":false},"author":4,"featured_media":0,"parent":0,"menu_order":0,"comment_status":"closed","ping_status":"closed","template":"","meta":{"inline_featured_image":false,"site-sidebar-layout":"default","site-content-layout":"","ast-site-content-layout":"default","site-content-style":"default","site-sidebar-style":"default","ast-global-header-display":"","ast-banner-title-visibility":"","ast-main-header-display":"","ast-hfb-above-header-display":"","ast-hfb-below-header-display":"","ast-hfb-mobile-header-display":"","site-post-title":"","ast-breadcrumbs-content":"","ast-featured-img":"","footer-sml-layout":"","ast-disable-related-posts":"","theme-transparent-header-meta":"","adv-header-id-meta":"","stick-header-meta":"","header-above-stick-meta":"","header-main-stick-meta":"","header-below-stick-meta":"","astra-migrate-meta-layouts":"set","ast-page-background-enabled":"default","ast-page-background-meta":{"desktop":{"background-color":"var(--ast-global-color-4)","background-image":"","background-repeat":"repeat","background-position":"center center","background-size":"auto","background-attachment":"scroll","background-type":"","background-media":"","overlay-type":"","overlay-color":"","overlay-opacity":"","overlay-gradient":""},"tablet":{"background-color":"","background-image":"","background-repeat":"repeat","background-position":"center center","background-size":"auto","background-attachment":"scroll","background-type":"","background-media":"","overlay-type":"","overlay-color":"","overlay-opacity":"","overlay-gradient":""},"mobile":{"background-color":"","background-image":"","background-repeat":"repeat","background-position":"center center","background-size":"auto","background-attachment":"scroll","background-type":"","background-media":"","overlay-type":"","overlay-color":"","overlay-opacity":"","overlay-gradient":""}},"ast-content-background-meta":{"desktop":{"background-color":"var(--ast-global-color-5)","background-image":"","background-repeat":"repeat","background-position":"center center","background-size":"auto","background-attachment":"scroll","background-type":"","background-media":"","overlay-type":"","overlay-color":"","overlay-opacity":"","overlay-gradient":""},"tablet":{"background-color":"var(--ast-global-color-5)","background-image":"","background-repeat":"repeat","background-position":"center center","background-size":"auto","background-attachment":"scroll","background-type":"","background-media":"","overlay-type":"","overlay-color":"","overlay-opacity":"","overlay-gradient":""},"mobile":{"background-color":"var(--ast-global-color-5)","background-image":"","background-repeat":"repeat","background-position":"center center","background-size":"auto","background-attachment":"scroll","background-type":"","background-media":"","overlay-type":"","overlay-color":"","overlay-opacity":"","overlay-gradient":""}},"footnotes":""},"class_list":["post-28289","page","type-page","status-publish","hentry"],"_links":{"self":[{"href":"https:\/\/test.umrajgrod.pl\/en\/wp-json\/wp\/v2\/pages\/28289","targetHints":{"allow":["GET"]}}],"collection":[{"href":"https:\/\/test.umrajgrod.pl\/en\/wp-json\/wp\/v2\/pages"}],"about":[{"href":"https:\/\/test.umrajgrod.pl\/en\/wp-json\/wp\/v2\/types\/page"}],"author":[{"embeddable":true,"href":"https:\/\/test.umrajgrod.pl\/en\/wp-json\/wp\/v2\/users\/4"}],"replies":[{"embeddable":true,"href":"https:\/\/test.umrajgrod.pl\/en\/wp-json\/wp\/v2\/comments?post=28289"}],"version-history":[{"count":3,"href":"https:\/\/test.umrajgrod.pl\/en\/wp-json\/wp\/v2\/pages\/28289\/revisions"}],"predecessor-version":[{"id":34706,"href":"https:\/\/test.umrajgrod.pl\/en\/wp-json\/wp\/v2\/pages\/28289\/revisions\/34706"}],"wp:attachment":[{"href":"https:\/\/test.umrajgrod.pl\/en\/wp-json\/wp\/v2\/media?parent=28289"}],"curies":[{"name":"wp","href":"https:\/\/api.w.org\/{rel}","templated":true}]}}